{"id":4004,"date":"2022-08-14T09:01:46","date_gmt":"2022-08-14T09:01:46","guid":{"rendered":"https:\/\/geonatour.website\/?page_id=4004"},"modified":"2023-02-23T10:23:01","modified_gmt":"2023-02-23T10:23:01","slug":"guias-turisticos","status":"publish","type":"page","link":"https:\/\/www.geonatour.com\/turismo\/guias-turisticos\/","title":{"rendered":"Guias tur\u00edsticos"},"content":{"rendered":"\t\t<div data-elementor-type=\"wp-page\" data-elementor-id=\"4004\" class=\"elementor elementor-4004\">\n\t\t\t\t\t\t<section class=\"elementor-section elementor-top-section elementor-element elementor-element-63e4f10 elementor-section-boxed elementor-section-height-default elementor-section-height-default\" data-id=\"63e4f10\" data-element_type=\"section\" data-e-type=\"section\">\n\t\t\t\t\t\t<div class=\"elementor-container elementor-column-gap-default\">\n\t\t\t\t\t<div class=\"elementor-column elementor-col-100 elementor-top-column elementor-element elementor-element-574d67c\" data-id=\"574d67c\" data-element_type=\"column\" data-e-type=\"column\">\n\t\t\t<div class=\"elementor-widget-wrap elementor-element-populated\">\n\t\t\t\t\t\t<div class=\"elementor-element elementor-element-c0dcb9e elementor-widget elementor-widget-spacer\" data-id=\"c0dcb9e\" data-element_type=\"widget\" data-e-type=\"widget\" data-widget_type=\"spacer.default\">\n\t\t\t\t<div class=\"elementor-widget-container\">\n\t\t\t\t\t\t\t<div class=\"elementor-spacer\">\n\t\t\t<div class=\"elementor-spacer-inner\"><\/div>\n\t\t<\/div>\n\t\t\t\t\t\t<\/div>\n\t\t\t\t<\/div>\n\t\t\t\t<section class=\"elementor-section elementor-inner-section elementor-element elementor-element-a7d7145 elementor-section-boxed elementor-section-height-default elementor-section-height-default\" data-id=\"a7d7145\" data-element_type=\"section\" data-e-type=\"section\">\n\t\t\t\t\t\t<div class=\"elementor-container elementor-column-gap-default\">\n\t\t\t\t\t<div class=\"elementor-column elementor-col-33 elementor-inner-column elementor-element elementor-element-48e8ecb\" data-id=\"48e8ecb\" data-element_type=\"column\" data-e-type=\"column\">\n\t\t\t<div class=\"elementor-widget-wrap elementor-element-populated\">\n\t\t\t\t\t\t<div class=\"elementor-element elementor-element-c835dcb elementor-widget elementor-widget-heading\" data-id=\"c835dcb\" data-element_type=\"widget\" data-e-type=\"widget\" data-widget_type=\"heading.default\">\n\t\t\t\t<div class=\"elementor-widget-container\">\n\t\t\t\t\t<h2 class=\"elementor-heading-title elementor-size-default\">Guias tur\u00edsticos<\/h2>\t\t\t\t<\/div>\n\t\t\t\t<\/div>\n\t\t\t\t\t<\/div>\n\t\t<\/div>\n\t\t\t\t<div class=\"elementor-column elementor-col-33 elementor-inner-column elementor-element elementor-element-538434c\" data-id=\"538434c\" data-element_type=\"column\" data-e-type=\"column\">\n\t\t\t<div class=\"elementor-widget-wrap\">\n\t\t\t\t\t\t\t<\/div>\n\t\t<\/div>\n\t\t\t\t<div class=\"elementor-column elementor-col-33 elementor-inner-column elementor-element elementor-element-3e49033\" data-id=\"3e49033\" data-element_type=\"column\" data-e-type=\"column\">\n\t\t\t<div class=\"elementor-widget-wrap elementor-element-populated\">\n\t\t\t\t\t\t<div class=\"elementor-element elementor-element-99d941e elementor-widget elementor-widget-shortcode\" data-id=\"99d941e\" data-element_type=\"widget\" data-e-type=\"widget\" data-widget_type=\"shortcode.default\">\n\t\t\t\t<div class=\"elementor-widget-container\">\n\t\t\t\t\t\t\t<div class=\"elementor-shortcode\"><form data-min-no-for-search=1 data-result-box-max-height=400 data-form-id=5883 class=\"is-search-form is-form-style is-form-style-3 is-form-id-5883 is-ajax-search\" action=\"https:\/\/www.geonatour.com\/turismo\/\" method=\"get\" role=\"search\" ><label for=\"is-search-input-5883\"><span class=\"is-screen-reader-text\">Search for:<\/span><input  type=\"search\" id=\"is-search-input-5883\" name=\"s\" value=\"\" class=\"is-search-input\" placeholder=\"pesquisar guias tur\u00edsticos\" autocomplete=off \/><span class=\"is-loader-image\" style=\"display: none;background-image:url(http:\/\/www.geonatour.com\/turismo\/wp-content\/plugins\/add-search-to-menu\/public\/images\/spinner.gif);\" ><\/span><\/label><button type=\"submit\" class=\"is-search-submit\"><span class=\"is-screen-reader-text\">Search Button<\/span><span class=\"is-search-icon\"><svg focusable=\"false\" aria-label=\"Search\" xmlns=\"http:\/\/www.w3.org\/2000\/svg\" viewBox=\"0 0 24 24\" width=\"24px\"><path d=\"M15.5 14h-.79l-.28-.27C15.41 12.59 16 11.11 16 9.5 16 5.91 13.09 3 9.5 3S3 5.91 3 9.5 5.91 16 9.5 16c1.61 0 3.09-.59 4.23-1.57l.27.28v.79l5 4.99L20.49 19l-4.99-5zm-6 0C7.01 14 5 11.99 5 9.5S7.01 5 9.5 5 14 7.01 14 9.5 11.99 14 9.5 14z\"><\/path><\/svg><\/span><\/button><input type=\"hidden\" name=\"id\" value=\"5883\" \/><input type=\"hidden\" name=\"post_type\" value=\"post\" \/><\/form><\/div>\n\t\t\t\t\t\t<\/div>\n\t\t\t\t<\/div>\n\t\t\t\t\t<\/div>\n\t\t<\/div>\n\t\t\t\t\t<\/div>\n\t\t<\/section>\n\t\t\t\t\t<\/div>\n\t\t<\/div>\n\t\t\t\t\t<\/div>\n\t\t<\/section>\n\t\t\t\t<section class=\"elementor-section elementor-top-section elementor-element elementor-element-d5a55e3 elementor-section-boxed elementor-section-height-default elementor-section-height-default\" data-id=\"d5a55e3\" data-element_type=\"section\" data-e-type=\"section\">\n\t\t\t\t\t\t<div class=\"elementor-container elementor-column-gap-default\">\n\t\t\t\t\t<div class=\"elementor-column elementor-col-100 elementor-top-column elementor-element elementor-element-bd8f82d\" data-id=\"bd8f82d\" data-element_type=\"column\" data-e-type=\"column\">\n\t\t\t<div class=\"elementor-widget-wrap elementor-element-populated\">\n\t\t\t\t\t\t\t<\/div>\n\t\t<\/div>\n\t\t\t\t\t<\/div>\n\t\t<\/section>\n\t\t\t\t<section class=\"elementor-section elementor-top-section elementor-element elementor-element-f7eb028 elementor-section-boxed elementor-section-height-default elementor-section-height-default\" data-id=\"f7eb028\" data-element_type=\"section\" data-e-type=\"section\">\n\t\t\t\t\t\t<div class=\"elementor-container elementor-column-gap-default\">\n\t\t\t\t\t<div class=\"elementor-column elementor-col-100 elementor-top-column elementor-element elementor-element-0d1c3c9\" data-id=\"0d1c3c9\" data-element_type=\"column\" data-e-type=\"column\">\n\t\t\t<div class=\"elementor-widget-wrap elementor-element-populated\">\n\t\t\t\t\t\t<div class=\"elementor-element elementor-element-7cef650 elementor-widget elementor-widget-heading\" data-id=\"7cef650\" data-element_type=\"widget\" data-e-type=\"widget\" data-widget_type=\"heading.default\">\n\t\t\t\t<div class=\"elementor-widget-container\">\n\t\t\t\t\t<h3 class=\"elementor-heading-title elementor-size-default\">Fa\u00e7a parte da Comunidade Geonatour!<\/h3>\t\t\t\t<\/div>\n\t\t\t\t<\/div>\n\t\t\t\t<div class=\"elementor-element elementor-element-8e423ff elementor-align-center elementor-widget elementor-widget-button\" data-id=\"8e423ff\" data-element_type=\"widget\" data-e-type=\"widget\" data-widget_type=\"button.default\">\n\t\t\t\t<div class=\"elementor-widget-container\">\n\t\t\t\t\t\t\t\t\t<div class=\"elementor-button-wrapper\">\n\t\t\t\t\t<a class=\"elementor-button elementor-button-link elementor-size-md\" href=\"\/turismo\/parceiros\" target=\"_blank\">\n\t\t\t\t\t\t<span class=\"elementor-button-content-wrapper\">\n\t\t\t\t\t\t\t\t\t<span class=\"elementor-button-text\">Saber mais<\/span>\n\t\t\t\t\t<\/span>\n\t\t\t\t\t<\/a>\n\t\t\t\t<\/div>\n\t\t\t\t\t\t\t\t<\/div>\n\t\t\t\t<\/div>\n\t\t\t\t\t<\/div>\n\t\t<\/div>\n\t\t\t\t\t<\/div>\n\t\t<\/section>\n\t\t\t\t<\/div>\n\t\t","protected":false},"excerpt":{"rendered":"<p>Guias tur\u00edsticos Walking Geonatour Portugal Telefone +351 963669157Reservas Walking Geonatour Proporcionamos experi\u00eancias \u00fanicas e personalizadas, explorando e promovendo a geologia e anatureza dos v\u00e1rios territ\u00f3rios de Portugal. Procuramos transmitir informa\u00e7\u00f5es e curiosidadescient\u00edficas, princ\u00edpios de conserva\u00e7\u00e3o da natureza &#8230; Saber mais Birdwatching Portugal Lourinh\u00e3 e \u00d3bidos Telefone +351 965136225Reservas Birdwatching Portugal Empresa na \u00e1rea do turismo<br \/><a class=\"moretag\" href=\"https:\/\/www.geonatour.com\/turismo\/guias-turisticos\/\">+ Ver mais<\/a><\/p>\n","protected":false},"author":1,"featured_media":0,"parent":0,"menu_order":0,"comment_status":"closed","ping_status":"closed","template":"elementor_header_footer","meta":{"_acf_changed":false,"_glsr_average":0,"_glsr_ranking":0,"_glsr_reviews":0,"footnotes":""},"class_list":["post-4004","page","type-page","status-publish","hentry"],"yoast_head":"<!-- This site is optimized with the Yoast SEO plugin v27.4 - https:\/\/yoast.com\/product\/yoast-seo-wordpress\/ -->\n<title>Guias tur\u00edsticos - Geonatour<\/title>\n<meta name=\"description\" content=\"Atrav\u00e9s da Aplica\u00e7\u00e3o Geonatour \u00e9 poss\u00edvel encontrar e saber mais guias tur\u00edsticos locais que acrescentam valor \u00e0s caminhadas locais.\" \/>\n<meta name=\"robots\" content=\"index, follow, max-snippet:-1, max-image-preview:large, max-video-preview:-1\" \/>\n<link rel=\"canonical\" href=\"https:\/\/www.geonatour.com\/turismo\/conquistas-2024\/\" \/>\n<meta property=\"og:locale\" content=\"pt_PT\" \/>\n<meta property=\"og:type\" content=\"article\" \/>\n<meta property=\"og:title\" content=\"Guias tur\u00edsticos - Geonatour\" \/>\n<meta property=\"og:description\" content=\"Atrav\u00e9s da Aplica\u00e7\u00e3o Geonatour \u00e9 poss\u00edvel encontrar e saber mais guias tur\u00edsticos locais que acrescentam valor \u00e0s caminhadas locais.\" \/>\n<meta property=\"og:url\" content=\"https:\/\/www.geonatour.com\/turismo\/conquistas-2024\/\" \/>\n<meta property=\"og:site_name\" content=\"Geonatour\" \/>\n<meta property=\"article:publisher\" content=\"https:\/\/www.facebook.com\/geonatour\" \/>\n<meta property=\"article:modified_time\" content=\"2023-02-23T10:23:01+00:00\" \/>\n<meta property=\"og:image\" content=\"https:\/\/www.geonatour.com\/turismo\/wp-content\/uploads\/2022\/07\/Piodao.png\" \/>\n\t<meta property=\"og:image:width\" content=\"250\" \/>\n\t<meta property=\"og:image:height\" content=\"250\" \/>\n\t<meta property=\"og:image:type\" content=\"image\/png\" \/>\n<meta name=\"twitter:card\" content=\"summary_large_image\" \/>\n<meta name=\"twitter:site\" content=\"@geonatour\" \/>\n<meta name=\"twitter:label1\" content=\"Tempo estimado de leitura\" \/>\n\t<meta name=\"twitter:data1\" content=\"1 minuto\" \/>\n<script type=\"application\/ld+json\" class=\"yoast-schema-graph\">{\"@context\":\"https:\\\/\\\/schema.org\",\"@graph\":[{\"@type\":\"WebPage\",\"@id\":\"https:\\\/\\\/www.geonatour.com\\\/turismo\\\/conquistas-2024\\\/\",\"url\":\"https:\\\/\\\/www.geonatour.com\\\/turismo\\\/conquistas-2024\\\/\",\"name\":\"Guias tur\u00edsticos - Geonatour\",\"isPartOf\":{\"@id\":\"https:\\\/\\\/www.geonatour.com\\\/turismo\\\/conquistas-2024\\\/#website\"},\"primaryImageOfPage\":{\"@id\":\"https:\\\/\\\/www.geonatour.com\\\/turismo\\\/conquistas-2024\\\/#primaryimage\"},\"image\":{\"@id\":\"https:\\\/\\\/www.geonatour.com\\\/turismo\\\/conquistas-2024\\\/#primaryimage\"},\"thumbnailUrl\":\"https:\\\/\\\/www.geonatour.com\\\/turismo\\\/wp-content\\\/uploads\\\/2022\\\/08\\\/Walking-Geonatour.png\",\"datePublished\":\"2022-08-14T09:01:46+00:00\",\"dateModified\":\"2023-02-23T10:23:01+00:00\",\"description\":\"Atrav\u00e9s da Aplica\u00e7\u00e3o Geonatour \u00e9 poss\u00edvel encontrar e saber mais guias tur\u00edsticos locais que acrescentam valor \u00e0s caminhadas locais.\",\"breadcrumb\":{\"@id\":\"https:\\\/\\\/www.geonatour.com\\\/turismo\\\/conquistas-2024\\\/#breadcrumb\"},\"inLanguage\":\"pt-PT\",\"potentialAction\":[{\"@type\":\"ReadAction\",\"target\":[\"https:\\\/\\\/www.geonatour.com\\\/turismo\\\/conquistas-2024\\\/\"]}]},{\"@type\":\"ImageObject\",\"inLanguage\":\"pt-PT\",\"@id\":\"https:\\\/\\\/www.geonatour.com\\\/turismo\\\/conquistas-2024\\\/#primaryimage\",\"url\":\"https:\\\/\\\/www.geonatour.com\\\/turismo\\\/wp-content\\\/uploads\\\/2022\\\/08\\\/Walking-Geonatour.png\",\"contentUrl\":\"https:\\\/\\\/www.geonatour.com\\\/turismo\\\/wp-content\\\/uploads\\\/2022\\\/08\\\/Walking-Geonatour.png\",\"width\":250,\"height\":180,\"caption\":\"serra de sico\"},{\"@type\":\"BreadcrumbList\",\"@id\":\"https:\\\/\\\/www.geonatour.com\\\/turismo\\\/conquistas-2024\\\/#breadcrumb\",\"itemListElement\":[{\"@type\":\"ListItem\",\"position\":1,\"name\":\"Home\",\"item\":\"https:\\\/\\\/www.geonatour.com\\\/turismo\\\/conquistas-2024\\\/\"},{\"@type\":\"ListItem\",\"position\":2,\"name\":\"Guias tur\u00edsticos\"}]},{\"@type\":\"WebSite\",\"@id\":\"https:\\\/\\\/www.geonatour.com\\\/turismo\\\/conquistas-2024\\\/#website\",\"url\":\"https:\\\/\\\/www.geonatour.com\\\/turismo\\\/conquistas-2024\\\/\",\"name\":\"Geonatour\",\"description\":\"Turismo\",\"publisher\":{\"@id\":\"https:\\\/\\\/www.geonatour.com\\\/turismo\\\/conquistas-2024\\\/#organization\"},\"potentialAction\":[{\"@type\":\"SearchAction\",\"target\":{\"@type\":\"EntryPoint\",\"urlTemplate\":\"https:\\\/\\\/www.geonatour.com\\\/turismo\\\/conquistas-2024\\\/?s={search_term_string}\"},\"query-input\":{\"@type\":\"PropertyValueSpecification\",\"valueRequired\":true,\"valueName\":\"search_term_string\"}}],\"inLanguage\":\"pt-PT\"},{\"@type\":\"Organization\",\"@id\":\"https:\\\/\\\/www.geonatour.com\\\/turismo\\\/conquistas-2024\\\/#organization\",\"name\":\"Geonatour\",\"url\":\"https:\\\/\\\/www.geonatour.com\\\/turismo\\\/conquistas-2024\\\/\",\"logo\":{\"@type\":\"ImageObject\",\"inLanguage\":\"pt-PT\",\"@id\":\"https:\\\/\\\/www.geonatour.com\\\/turismo\\\/conquistas-2024\\\/#\\\/schema\\\/logo\\\/image\\\/\",\"url\":\"https:\\\/\\\/www.geonatour.com\\\/turismo\\\/wp-content\\\/uploads\\\/2022\\\/08\\\/logo-Geonatour-oficial.png\",\"contentUrl\":\"https:\\\/\\\/www.geonatour.com\\\/turismo\\\/wp-content\\\/uploads\\\/2022\\\/08\\\/logo-Geonatour-oficial.png\",\"width\":190,\"height\":42,\"caption\":\"Geonatour\"},\"image\":{\"@id\":\"https:\\\/\\\/www.geonatour.com\\\/turismo\\\/conquistas-2024\\\/#\\\/schema\\\/logo\\\/image\\\/\"},\"sameAs\":[\"https:\\\/\\\/www.facebook.com\\\/geonatour\",\"https:\\\/\\\/x.com\\\/geonatour\",\"https:\\\/\\\/www.linkedin.com\\\/company\\\/11111293\"]}]}<\/script>\n<!-- \/ Yoast SEO plugin. -->","yoast_head_json":{"title":"Guias tur\u00edsticos - Geonatour","description":"Atrav\u00e9s da Aplica\u00e7\u00e3o Geonatour \u00e9 poss\u00edvel encontrar e saber mais guias tur\u00edsticos locais que acrescentam valor \u00e0s caminhadas locais.","robots":{"index":"index","follow":"follow","max-snippet":"max-snippet:-1","max-image-preview":"max-image-preview:large","max-video-preview":"max-video-preview:-1"},"canonical":"https:\/\/www.geonatour.com\/turismo\/conquistas-2024\/","og_locale":"pt_PT","og_type":"article","og_title":"Guias tur\u00edsticos - Geonatour","og_description":"Atrav\u00e9s da Aplica\u00e7\u00e3o Geonatour \u00e9 poss\u00edvel encontrar e saber mais guias tur\u00edsticos locais que acrescentam valor \u00e0s caminhadas locais.","og_url":"https:\/\/www.geonatour.com\/turismo\/conquistas-2024\/","og_site_name":"Geonatour","article_publisher":"https:\/\/www.facebook.com\/geonatour","article_modified_time":"2023-02-23T10:23:01+00:00","og_image":[{"width":250,"height":250,"url":"https:\/\/www.geonatour.com\/turismo\/wp-content\/uploads\/2022\/07\/Piodao.png","type":"image\/png"}],"twitter_card":"summary_large_image","twitter_site":"@geonatour","twitter_misc":{"Tempo estimado de leitura":"1 minuto"},"schema":{"@context":"https:\/\/schema.org","@graph":[{"@type":"WebPage","@id":"https:\/\/www.geonatour.com\/turismo\/conquistas-2024\/","url":"https:\/\/www.geonatour.com\/turismo\/conquistas-2024\/","name":"Guias tur\u00edsticos - Geonatour","isPartOf":{"@id":"https:\/\/www.geonatour.com\/turismo\/conquistas-2024\/#website"},"primaryImageOfPage":{"@id":"https:\/\/www.geonatour.com\/turismo\/conquistas-2024\/#primaryimage"},"image":{"@id":"https:\/\/www.geonatour.com\/turismo\/conquistas-2024\/#primaryimage"},"thumbnailUrl":"https:\/\/www.geonatour.com\/turismo\/wp-content\/uploads\/2022\/08\/Walking-Geonatour.png","datePublished":"2022-08-14T09:01:46+00:00","dateModified":"2023-02-23T10:23:01+00:00","description":"Atrav\u00e9s da Aplica\u00e7\u00e3o Geonatour \u00e9 poss\u00edvel encontrar e saber mais guias tur\u00edsticos locais que acrescentam valor \u00e0s caminhadas locais.","breadcrumb":{"@id":"https:\/\/www.geonatour.com\/turismo\/conquistas-2024\/#breadcrumb"},"inLanguage":"pt-PT","potentialAction":[{"@type":"ReadAction","target":["https:\/\/www.geonatour.com\/turismo\/conquistas-2024\/"]}]},{"@type":"ImageObject","inLanguage":"pt-PT","@id":"https:\/\/www.geonatour.com\/turismo\/conquistas-2024\/#primaryimage","url":"https:\/\/www.geonatour.com\/turismo\/wp-content\/uploads\/2022\/08\/Walking-Geonatour.png","contentUrl":"https:\/\/www.geonatour.com\/turismo\/wp-content\/uploads\/2022\/08\/Walking-Geonatour.png","width":250,"height":180,"caption":"serra de sico"},{"@type":"BreadcrumbList","@id":"https:\/\/www.geonatour.com\/turismo\/conquistas-2024\/#breadcrumb","itemListElement":[{"@type":"ListItem","position":1,"name":"Home","item":"https:\/\/www.geonatour.com\/turismo\/conquistas-2024\/"},{"@type":"ListItem","position":2,"name":"Guias tur\u00edsticos"}]},{"@type":"WebSite","@id":"https:\/\/www.geonatour.com\/turismo\/conquistas-2024\/#website","url":"https:\/\/www.geonatour.com\/turismo\/conquistas-2024\/","name":"Geonatour","description":"Turismo","publisher":{"@id":"https:\/\/www.geonatour.com\/turismo\/conquistas-2024\/#organization"},"potentialAction":[{"@type":"SearchAction","target":{"@type":"EntryPoint","urlTemplate":"https:\/\/www.geonatour.com\/turismo\/conquistas-2024\/?s={search_term_string}"},"query-input":{"@type":"PropertyValueSpecification","valueRequired":true,"valueName":"search_term_string"}}],"inLanguage":"pt-PT"},{"@type":"Organization","@id":"https:\/\/www.geonatour.com\/turismo\/conquistas-2024\/#organization","name":"Geonatour","url":"https:\/\/www.geonatour.com\/turismo\/conquistas-2024\/","logo":{"@type":"ImageObject","inLanguage":"pt-PT","@id":"https:\/\/www.geonatour.com\/turismo\/conquistas-2024\/#\/schema\/logo\/image\/","url":"https:\/\/www.geonatour.com\/turismo\/wp-content\/uploads\/2022\/08\/logo-Geonatour-oficial.png","contentUrl":"https:\/\/www.geonatour.com\/turismo\/wp-content\/uploads\/2022\/08\/logo-Geonatour-oficial.png","width":190,"height":42,"caption":"Geonatour"},"image":{"@id":"https:\/\/www.geonatour.com\/turismo\/conquistas-2024\/#\/schema\/logo\/image\/"},"sameAs":["https:\/\/www.facebook.com\/geonatour","https:\/\/x.com\/geonatour","https:\/\/www.linkedin.com\/company\/11111293"]}]}},"acf":[],"_links":{"self":[{"href":"https:\/\/www.geonatour.com\/turismo\/wp-json\/wp\/v2\/pages\/4004","targetHints":{"allow":["GET"]}}],"collection":[{"href":"https:\/\/www.geonatour.com\/turismo\/wp-json\/wp\/v2\/pages"}],"about":[{"href":"https:\/\/www.geonatour.com\/turismo\/wp-json\/wp\/v2\/types\/page"}],"author":[{"embeddable":true,"href":"https:\/\/www.geonatour.com\/turismo\/wp-json\/wp\/v2\/users\/1"}],"replies":[{"embeddable":true,"href":"https:\/\/www.geonatour.com\/turismo\/wp-json\/wp\/v2\/comments?post=4004"}],"version-history":[{"count":5,"href":"https:\/\/www.geonatour.com\/turismo\/wp-json\/wp\/v2\/pages\/4004\/revisions"}],"predecessor-version":[{"id":7182,"href":"https:\/\/www.geonatour.com\/turismo\/wp-json\/wp\/v2\/pages\/4004\/revisions\/7182"}],"wp:attachment":[{"href":"https:\/\/www.geonatour.com\/turismo\/wp-json\/wp\/v2\/media?parent=4004"}],"curies":[{"name":"wp","href":"https:\/\/api.w.org\/{rel}","templated":true}]}}