{"id":7485,"date":"2023-06-15T08:08:55","date_gmt":"2023-06-15T08:08:55","guid":{"rendered":"https:\/\/www.geonatour.com\/turismo\/?page_id=7485"},"modified":"2024-02-05T10:03:58","modified_gmt":"2024-02-05T10:03:58","slug":"aplicacao-geonatour","status":"publish","type":"page","link":"https:\/\/www.geonatour.com\/turismo\/aplicacao-geonatour\/","title":{"rendered":"Aplica\u00e7\u00e3o Geonatour"},"content":{"rendered":"\t\t<div data-elementor-type=\"wp-page\" data-elementor-id=\"7485\" class=\"elementor elementor-7485\">\n\t\t\t\t\t\t<section class=\"elementor-section elementor-top-section elementor-element elementor-element-450420c elementor-section-boxed elementor-section-height-default elementor-section-height-default\" data-id=\"450420c\" data-element_type=\"section\" data-e-type=\"section\">\n\t\t\t\t\t\t<div class=\"elementor-container elementor-column-gap-default\">\n\t\t\t\t\t<div class=\"elementor-column elementor-col-100 elementor-top-column elementor-element elementor-element-87a057c\" data-id=\"87a057c\" data-element_type=\"column\" data-e-type=\"column\">\n\t\t\t<div class=\"elementor-widget-wrap elementor-element-populated\">\n\t\t\t\t\t\t<div class=\"elementor-element elementor-element-41e8af6 elementor-widget elementor-widget-spacer\" data-id=\"41e8af6\" data-element_type=\"widget\" data-e-type=\"widget\" data-widget_type=\"spacer.default\">\n\t\t\t\t<div class=\"elementor-widget-container\">\n\t\t\t\t\t\t\t<div class=\"elementor-spacer\">\n\t\t\t<div class=\"elementor-spacer-inner\"><\/div>\n\t\t<\/div>\n\t\t\t\t\t\t<\/div>\n\t\t\t\t<\/div>\n\t\t\t\t<div class=\"elementor-element elementor-element-9047d01 elementor-widget elementor-widget-heading\" data-id=\"9047d01\" data-element_type=\"widget\" data-e-type=\"widget\" data-widget_type=\"heading.default\">\n\t\t\t\t<div class=\"elementor-widget-container\">\n\t\t\t\t\t<h2 class=\"elementor-heading-title elementor-size-default\">Aplica\u00e7\u00e3o Geonatour<\/h2>\t\t\t\t<\/div>\n\t\t\t\t<\/div>\n\t\t\t\t<div class=\"elementor-element elementor-element-059fb6d elementor-widget__width-initial elementor-widget elementor-widget-text-editor\" data-id=\"059fb6d\" data-element_type=\"widget\" data-e-type=\"widget\" data-widget_type=\"text-editor.default\">\n\t\t\t\t<div class=\"elementor-widget-container\">\n\t\t\t\t\t\t\t\t\t<p>A Geonatour disponibiliza uma <strong>Aplica\u00e7\u00e3o<\/strong> para smartphone que <strong>promove o turismo de natureza<\/strong>, comunicando e valorizando o patrim\u00f3nio natural e hist\u00f3rico-cultural dos territ\u00f3rios trabalhados.<\/p>\n<p>Trata-se de uma <strong>plataforma de divulga\u00e7\u00e3o, promo\u00e7\u00e3o e valoriza\u00e7\u00e3o de rotas, percursos e agentes econ\u00f3micos<\/strong>, reunindo em rede os diferentes agentes e disponibilizando aos clientes e parceiros uma ferramenta que contribui para uma <strong>oferta tur\u00edstica integrada<\/strong>, levando o turista a uma verdadeira conex\u00e3o territorial nas vertentes sociais, ambientais, econ\u00f3micas e sustent\u00e1veis.<\/p>\n<p>Com a App Geonatour, os <strong>turistas e amantes de natureza<\/strong> descobrem os <strong>encantos dos diversos territ\u00f3rios<\/strong>, sem se desviarem dos percursos tra\u00e7ados (atrav\u00e9s da georreferencia\u00e7\u00e3o, permitindo o modo offline), recebendo todas as informa\u00e7\u00f5es ao longo do percurso pedestre. Informa\u00e7\u00f5es sobre l<strong>ocais com interesse geol\u00f3gico, natural, hist\u00f3rico, arqueol\u00f3gico, alojamento, alimenta\u00e7\u00e3o e outros locais de interesse<\/strong> s\u00e3o disponibilizadas, maximizando estas experi\u00eancias \u00fanicas.<\/p>\n<p>Al\u00e9m disso, atrav\u00e9s da App Geonatour \u00e9 poss\u00edvel fazer <strong>reportes sobre o estado dos\u00a0<\/strong><strong>percursos<\/strong>, em que os utilizadores podem contribuir para <strong>manter e cuidar destas\u00a0<\/strong><strong>estruturas tur\u00edsticas<\/strong>.<\/p>\n<p>E como a \u00faltima fatia \u00e9 sempre a melhor, a nossa tecnologia permite obter diversas <strong>estat\u00edsticas de utiliza\u00e7\u00e3o<\/strong>, fornecendo relat\u00f3rios trimestrais com <strong>dados quantitativos sobre a aflu\u00eancia de pessoas a determinada rota e ponto de interesse e o n\u00famero de pessoas que interagem com os agentes tur\u00edsticos da regi\u00e3o<\/strong>. Estes dados permitir\u00e3o apoiar as tomadas de decis\u00e3o junto dos membros executivos e delinear a melhor estrat\u00e9gia para este tipo de turismo.<\/p>\n<p>Por tudo isto s\u00e3o in\u00fameras as vantagens no acesso \u00e0 App Geonatour, que lhe oferece ainda uma <strong>equipa dedicada na <\/strong><strong>promo\u00e7\u00e3o e divulga\u00e7\u00e3o do territ\u00f3rio e dos seus agentes<\/strong>.<\/p>\t\t\t\t\t\t\t\t<\/div>\n\t\t\t\t<\/div>\n\t\t\t\t\t<\/div>\n\t\t<\/div>\n\t\t\t\t\t<\/div>\n\t\t<\/section>\n\t\t\t\t<section class=\"elementor-section elementor-top-section elementor-element elementor-element-41dcdb9 elementor-section-boxed elementor-section-height-default elementor-section-height-default\" data-id=\"41dcdb9\" data-element_type=\"section\" data-e-type=\"section\">\n\t\t\t\t\t\t<div class=\"elementor-container elementor-column-gap-default\">\n\t\t\t\t\t<div class=\"elementor-column elementor-col-100 elementor-top-column elementor-element elementor-element-15ef699\" data-id=\"15ef699\" data-element_type=\"column\" data-e-type=\"column\">\n\t\t\t<div class=\"elementor-widget-wrap elementor-element-populated\">\n\t\t\t\t\t\t<div class=\"elementor-element elementor-element-72e0761 elementor-widget elementor-widget-image\" data-id=\"72e0761\" data-element_type=\"widget\" data-e-type=\"widget\" data-widget_type=\"image.default\">\n\t\t\t\t<div class=\"elementor-widget-container\">\n\t\t\t\t\t\t\t\t\t\t\t\t\t\t\t<img fetchpriority=\"high\" decoding=\"async\" width=\"690\" height=\"549\" src=\"https:\/\/www.geonatour.com\/turismo\/wp-content\/uploads\/2024\/02\/Aplicacao-de-rotas-e-percursos-1024x815.png\" class=\"attachment-large size-large wp-image-8609\" alt=\"\" srcset=\"https:\/\/www.geonatour.com\/turismo\/wp-content\/uploads\/2024\/02\/Aplicacao-de-rotas-e-percursos-1024x815.png 1024w, https:\/\/www.geonatour.com\/turismo\/wp-content\/uploads\/2024\/02\/Aplicacao-de-rotas-e-percursos-300x239.png 300w, https:\/\/www.geonatour.com\/turismo\/wp-content\/uploads\/2024\/02\/Aplicacao-de-rotas-e-percursos-768x611.png 768w, https:\/\/www.geonatour.com\/turismo\/wp-content\/uploads\/2024\/02\/Aplicacao-de-rotas-e-percursos-1536x1222.png 1536w, https:\/\/www.geonatour.com\/turismo\/wp-content\/uploads\/2024\/02\/Aplicacao-de-rotas-e-percursos.png 1938w\" sizes=\"(max-width: 690px) 100vw, 690px\" \/>\t\t\t\t\t\t\t\t\t\t\t\t\t\t\t<\/div>\n\t\t\t\t<\/div>\n\t\t\t\t\t<\/div>\n\t\t<\/div>\n\t\t\t\t\t<\/div>\n\t\t<\/section>\n\t\t\t\t<section class=\"elementor-section elementor-top-section elementor-element elementor-element-42113da elementor-section-boxed elementor-section-height-default elementor-section-height-default\" data-id=\"42113da\" data-element_type=\"section\" data-e-type=\"section\">\n\t\t\t\t\t\t<div class=\"elementor-container elementor-column-gap-default\">\n\t\t\t\t\t<div class=\"elementor-column elementor-col-100 elementor-top-column elementor-element elementor-element-e8395ac\" data-id=\"e8395ac\" data-element_type=\"column\" data-e-type=\"column\">\n\t\t\t<div class=\"elementor-widget-wrap elementor-element-populated\">\n\t\t\t\t\t\t<div class=\"elementor-element elementor-element-86d1ec8 elementor-widget elementor-widget-heading\" data-id=\"86d1ec8\" data-element_type=\"widget\" data-e-type=\"widget\" data-widget_type=\"heading.default\">\n\t\t\t\t<div class=\"elementor-widget-container\">\n\t\t\t\t\t<h2 class=\"elementor-heading-title elementor-size-default\">Download da App Geonatour<br><\/h2>\t\t\t\t<\/div>\n\t\t\t\t<\/div>\n\t\t\t\t<div class=\"elementor-element elementor-element-04f508d elementor-widget elementor-widget-heading\" data-id=\"04f508d\" data-element_type=\"widget\" data-e-type=\"widget\" data-widget_type=\"heading.default\">\n\t\t\t\t<div class=\"elementor-widget-container\">\n\t\t\t\t\t<h2 class=\"elementor-heading-title elementor-size-default\"><h2 class=\"elementor-heading-title elementor-size-default elementor-inline-editing pen\" data-elementor-setting-key=\"title\" data-pen-placeholder=\"Digite aqui...\" style=\"font-family: var( --e-global-typography-primary-font-family ), Sans-serif;font-weight: var( --e-global-typography-primary-font-weight )\"><a href=\"https:\/\/play.google.com\/store\/apps\/details?id=pt.kiss.geonatour&amp;hl=pt&amp;gl=US\" target=\"_blank\" rel=\"noreferrer noopener\" style=\"font-size: 15px;font-weight: 400;text-align: start\"><img decoding=\"async\" src=\"https:\/\/www.geonatour.com\/turismo\/wp-content\/uploads\/2022\/08\/Download-App-Android.png\" alt=\"Android\" style=\"width: 150px\"><\/a><span style=\"font-size: 15px;font-weight: 400;text-align: start\">&nbsp;<\/span><a href=\"https:\/\/apps.apple.com\/eg\/app\/geonatour\/id1610996106\" target=\"_blank\" rel=\"noreferrer noopener\" style=\"font-size: 15px;font-weight: 400;text-align: start\"><img decoding=\"async\" src=\"https:\/\/www.geonatour.com\/turismo\/wp-content\/uploads\/2022\/08\/Download-App-iOS.png\" alt=\"iOS\" style=\"width: 150px\"><\/a><\/h2><\/h2>\t\t\t\t<\/div>\n\t\t\t\t<\/div>\n\t\t\t\t\t<\/div>\n\t\t<\/div>\n\t\t\t\t\t<\/div>\n\t\t<\/section>\n\t\t\t\t<section class=\"elementor-section elementor-top-section elementor-element elementor-element-85737dd elementor-section-boxed elementor-section-height-default elementor-section-height-default\" data-id=\"85737dd\" data-element_type=\"section\" data-e-type=\"section\">\n\t\t\t\t\t\t<div class=\"elementor-container elementor-column-gap-default\">\n\t\t\t\t\t<div class=\"elementor-column elementor-col-100 elementor-top-column elementor-element elementor-element-ffd995d\" data-id=\"ffd995d\" data-element_type=\"column\" data-e-type=\"column\">\n\t\t\t<div class=\"elementor-widget-wrap elementor-element-populated\">\n\t\t\t\t\t\t<div class=\"elementor-element elementor-element-7cdea6a elementor-widget elementor-widget-heading\" data-id=\"7cdea6a\" data-element_type=\"widget\" data-e-type=\"widget\" data-widget_type=\"heading.default\">\n\t\t\t\t<div class=\"elementor-widget-container\">\n\t\t\t\t\t<h2 class=\"elementor-heading-title elementor-size-default\">Junte-se \u00e0 Geonatour!<\/h2>\t\t\t\t<\/div>\n\t\t\t\t<\/div>\n\t\t\t\t<div class=\"elementor-element elementor-element-f828b5d elementor-widget elementor-widget-text-editor\" data-id=\"f828b5d\" data-element_type=\"widget\" data-e-type=\"widget\" data-widget_type=\"text-editor.default\">\n\t\t\t\t<div class=\"elementor-widget-container\">\n\t\t\t\t\t\t\t\t\t<p>Juntos vamos melhorar o desempenho dos territ\u00f3rios e dos agentes econ\u00f3micos que nele se encontram instalados!<\/p>\n<p>Seja parceiro da Geonatour.<\/p>\n<p>Envie-nos um e-mail ou contacte-nos atrav\u00e9s de telefone.<\/p>\n<p><small>(Chamada para rede m\u00f3vel nacional)<\/small><\/p>\t\t\t\t\t\t\t\t<\/div>\n\t\t\t\t<\/div>\n\t\t\t\t<div class=\"elementor-element elementor-element-4cb08a3 elementor-widget elementor-widget-text-editor\" data-id=\"4cb08a3\" data-element_type=\"widget\" data-e-type=\"widget\" data-widget_type=\"text-editor.default\">\n\t\t\t\t<div class=\"elementor-widget-container\">\n\t\t\t\t\t\t\t\t\t<p><a href=\"tel:+351963669157\"><img decoding=\"async\" class=\"alignnone wp-image-5964\" src=\"\/turismo\/wp-content\/uploads\/2022\/09\/Contacto.png\" alt=\"\" width=\"102\" height=\"26\" \/><\/a> <a href=\"mailto: geral@geonatour.com\"><img decoding=\"async\" class=\"alignnone wp-image-5965\" src=\"\/turismo\/wp-content\/uploads\/2022\/09\/Correio.png\" alt=\"\" width=\"113\" height=\"26\" \/><\/a><\/p>\t\t\t\t\t\t\t\t<\/div>\n\t\t\t\t<\/div>\n\t\t\t\t\t<\/div>\n\t\t<\/div>\n\t\t\t\t\t<\/div>\n\t\t<\/section>\n\t\t\t\t<\/div>\n\t\t","protected":false},"excerpt":{"rendered":"<p>Aplica\u00e7\u00e3o Geonatour A Geonatour disponibiliza uma Aplica\u00e7\u00e3o para smartphone que promove o turismo de natureza, comunicando e valorizando o patrim\u00f3nio natural e hist\u00f3rico-cultural dos territ\u00f3rios trabalhados. Trata-se de uma plataforma de divulga\u00e7\u00e3o, promo\u00e7\u00e3o e valoriza\u00e7\u00e3o de rotas, percursos e agentes econ\u00f3micos, reunindo em rede os diferentes agentes e disponibilizando aos clientes e parceiros uma ferramenta<br \/><a class=\"moretag\" href=\"https:\/\/www.geonatour.com\/turismo\/aplicacao-geonatour\/\">+ Ver mais<\/a><\/p>\n","protected":false},"author":2,"featured_media":0,"parent":0,"menu_order":0,"comment_status":"closed","ping_status":"closed","template":"templates\/page-nosidebar_template.php","meta":{"_acf_changed":false,"_glsr_average":0,"_glsr_ranking":0,"_glsr_reviews":0,"footnotes":""},"class_list":["post-7485","page","type-page","status-publish","hentry"],"yoast_head":"<!-- This site is optimized with the Yoast SEO plugin v27.4 - https:\/\/yoast.com\/product\/yoast-seo-wordpress\/ -->\n<title>Aplica\u00e7\u00e3o Geonatour - Geonatour<\/title>\n<meta name=\"description\" content=\"A Geonatour valoriza os recursos naturais e tur\u00edsticos dos diversos territ\u00f3rios, e aposta na preserva\u00e7\u00e3o e na sustentabilidade do ambiente.\" \/>\n<meta name=\"robots\" content=\"index, follow, max-snippet:-1, max-image-preview:large, max-video-preview:-1\" \/>\n<link rel=\"canonical\" href=\"https:\/\/www.geonatour.com\/turismo\/conquistas-2024\/\" \/>\n<meta property=\"og:locale\" content=\"pt_PT\" \/>\n<meta property=\"og:type\" content=\"article\" \/>\n<meta property=\"og:title\" content=\"Aplica\u00e7\u00e3o Geonatour - Geonatour\" \/>\n<meta property=\"og:description\" content=\"A Geonatour valoriza os recursos naturais e tur\u00edsticos dos diversos territ\u00f3rios, e aposta na preserva\u00e7\u00e3o e na sustentabilidade do ambiente.\" \/>\n<meta property=\"og:url\" content=\"https:\/\/www.geonatour.com\/turismo\/conquistas-2024\/\" \/>\n<meta property=\"og:site_name\" content=\"Geonatour\" \/>\n<meta property=\"article:publisher\" content=\"https:\/\/www.facebook.com\/geonatour\" \/>\n<meta property=\"article:modified_time\" content=\"2024-02-05T10:03:58+00:00\" \/>\n<meta property=\"og:image\" content=\"https:\/\/www.geonatour.com\/turismo\/wp-content\/uploads\/2022\/07\/Piodao.png\" \/>\n\t<meta property=\"og:image:width\" content=\"250\" \/>\n\t<meta property=\"og:image:height\" content=\"250\" \/>\n\t<meta property=\"og:image:type\" content=\"image\/png\" \/>\n<meta name=\"twitter:card\" content=\"summary_large_image\" \/>\n<meta name=\"twitter:site\" content=\"@geonatour\" \/>\n<meta name=\"twitter:label1\" content=\"Tempo estimado de leitura\" \/>\n\t<meta name=\"twitter:data1\" content=\"3 minutos\" \/>\n<script type=\"application\/ld+json\" class=\"yoast-schema-graph\">{\"@context\":\"https:\\\/\\\/schema.org\",\"@graph\":[{\"@type\":\"WebPage\",\"@id\":\"https:\\\/\\\/www.geonatour.com\\\/turismo\\\/conquistas-2024\\\/\",\"url\":\"https:\\\/\\\/www.geonatour.com\\\/turismo\\\/conquistas-2024\\\/\",\"name\":\"Aplica\u00e7\u00e3o Geonatour - Geonatour\",\"isPartOf\":{\"@id\":\"https:\\\/\\\/www.geonatour.com\\\/turismo\\\/conquistas-2024\\\/#website\"},\"primaryImageOfPage\":{\"@id\":\"https:\\\/\\\/www.geonatour.com\\\/turismo\\\/conquistas-2024\\\/#primaryimage\"},\"image\":{\"@id\":\"https:\\\/\\\/www.geonatour.com\\\/turismo\\\/conquistas-2024\\\/#primaryimage\"},\"thumbnailUrl\":\"https:\\\/\\\/www.geonatour.com\\\/turismo\\\/wp-content\\\/uploads\\\/2024\\\/02\\\/Aplicacao-de-rotas-e-percursos-1024x815.png\",\"datePublished\":\"2023-06-15T08:08:55+00:00\",\"dateModified\":\"2024-02-05T10:03:58+00:00\",\"description\":\"A Geonatour valoriza os recursos naturais e tur\u00edsticos dos diversos territ\u00f3rios, e aposta na preserva\u00e7\u00e3o e na sustentabilidade do ambiente.\",\"breadcrumb\":{\"@id\":\"https:\\\/\\\/www.geonatour.com\\\/turismo\\\/conquistas-2024\\\/#breadcrumb\"},\"inLanguage\":\"pt-PT\",\"potentialAction\":[{\"@type\":\"ReadAction\",\"target\":[\"https:\\\/\\\/www.geonatour.com\\\/turismo\\\/conquistas-2024\\\/\"]}]},{\"@type\":\"ImageObject\",\"inLanguage\":\"pt-PT\",\"@id\":\"https:\\\/\\\/www.geonatour.com\\\/turismo\\\/conquistas-2024\\\/#primaryimage\",\"url\":\"https:\\\/\\\/www.geonatour.com\\\/turismo\\\/wp-content\\\/uploads\\\/2024\\\/02\\\/Aplicacao-de-rotas-e-percursos.png\",\"contentUrl\":\"https:\\\/\\\/www.geonatour.com\\\/turismo\\\/wp-content\\\/uploads\\\/2024\\\/02\\\/Aplicacao-de-rotas-e-percursos.png\",\"width\":1938,\"height\":1542},{\"@type\":\"BreadcrumbList\",\"@id\":\"https:\\\/\\\/www.geonatour.com\\\/turismo\\\/conquistas-2024\\\/#breadcrumb\",\"itemListElement\":[{\"@type\":\"ListItem\",\"position\":1,\"name\":\"Home\",\"item\":\"https:\\\/\\\/www.geonatour.com\\\/turismo\\\/conquistas-2024\\\/\"},{\"@type\":\"ListItem\",\"position\":2,\"name\":\"Aplica\u00e7\u00e3o Geonatour\"}]},{\"@type\":\"WebSite\",\"@id\":\"https:\\\/\\\/www.geonatour.com\\\/turismo\\\/conquistas-2024\\\/#website\",\"url\":\"https:\\\/\\\/www.geonatour.com\\\/turismo\\\/conquistas-2024\\\/\",\"name\":\"Geonatour\",\"description\":\"Turismo\",\"publisher\":{\"@id\":\"https:\\\/\\\/www.geonatour.com\\\/turismo\\\/conquistas-2024\\\/#organization\"},\"potentialAction\":[{\"@type\":\"SearchAction\",\"target\":{\"@type\":\"EntryPoint\",\"urlTemplate\":\"https:\\\/\\\/www.geonatour.com\\\/turismo\\\/conquistas-2024\\\/?s={search_term_string}\"},\"query-input\":{\"@type\":\"PropertyValueSpecification\",\"valueRequired\":true,\"valueName\":\"search_term_string\"}}],\"inLanguage\":\"pt-PT\"},{\"@type\":\"Organization\",\"@id\":\"https:\\\/\\\/www.geonatour.com\\\/turismo\\\/conquistas-2024\\\/#organization\",\"name\":\"Geonatour\",\"url\":\"https:\\\/\\\/www.geonatour.com\\\/turismo\\\/conquistas-2024\\\/\",\"logo\":{\"@type\":\"ImageObject\",\"inLanguage\":\"pt-PT\",\"@id\":\"https:\\\/\\\/www.geonatour.com\\\/turismo\\\/conquistas-2024\\\/#\\\/schema\\\/logo\\\/image\\\/\",\"url\":\"https:\\\/\\\/www.geonatour.com\\\/turismo\\\/wp-content\\\/uploads\\\/2022\\\/08\\\/logo-Geonatour-oficial.png\",\"contentUrl\":\"https:\\\/\\\/www.geonatour.com\\\/turismo\\\/wp-content\\\/uploads\\\/2022\\\/08\\\/logo-Geonatour-oficial.png\",\"width\":190,\"height\":42,\"caption\":\"Geonatour\"},\"image\":{\"@id\":\"https:\\\/\\\/www.geonatour.com\\\/turismo\\\/conquistas-2024\\\/#\\\/schema\\\/logo\\\/image\\\/\"},\"sameAs\":[\"https:\\\/\\\/www.facebook.com\\\/geonatour\",\"https:\\\/\\\/x.com\\\/geonatour\",\"https:\\\/\\\/www.linkedin.com\\\/company\\\/11111293\"]}]}<\/script>\n<!-- \/ Yoast SEO plugin. -->","yoast_head_json":{"title":"Aplica\u00e7\u00e3o Geonatour - Geonatour","description":"A Geonatour valoriza os recursos naturais e tur\u00edsticos dos diversos territ\u00f3rios, e aposta na preserva\u00e7\u00e3o e na sustentabilidade do ambiente.","robots":{"index":"index","follow":"follow","max-snippet":"max-snippet:-1","max-image-preview":"max-image-preview:large","max-video-preview":"max-video-preview:-1"},"canonical":"https:\/\/www.geonatour.com\/turismo\/conquistas-2024\/","og_locale":"pt_PT","og_type":"article","og_title":"Aplica\u00e7\u00e3o Geonatour - Geonatour","og_description":"A Geonatour valoriza os recursos naturais e tur\u00edsticos dos diversos territ\u00f3rios, e aposta na preserva\u00e7\u00e3o e na sustentabilidade do ambiente.","og_url":"https:\/\/www.geonatour.com\/turismo\/conquistas-2024\/","og_site_name":"Geonatour","article_publisher":"https:\/\/www.facebook.com\/geonatour","article_modified_time":"2024-02-05T10:03:58+00:00","og_image":[{"width":250,"height":250,"url":"https:\/\/www.geonatour.com\/turismo\/wp-content\/uploads\/2022\/07\/Piodao.png","type":"image\/png"}],"twitter_card":"summary_large_image","twitter_site":"@geonatour","twitter_misc":{"Tempo estimado de leitura":"3 minutos"},"schema":{"@context":"https:\/\/schema.org","@graph":[{"@type":"WebPage","@id":"https:\/\/www.geonatour.com\/turismo\/conquistas-2024\/","url":"https:\/\/www.geonatour.com\/turismo\/conquistas-2024\/","name":"Aplica\u00e7\u00e3o Geonatour - Geonatour","isPartOf":{"@id":"https:\/\/www.geonatour.com\/turismo\/conquistas-2024\/#website"},"primaryImageOfPage":{"@id":"https:\/\/www.geonatour.com\/turismo\/conquistas-2024\/#primaryimage"},"image":{"@id":"https:\/\/www.geonatour.com\/turismo\/conquistas-2024\/#primaryimage"},"thumbnailUrl":"https:\/\/www.geonatour.com\/turismo\/wp-content\/uploads\/2024\/02\/Aplicacao-de-rotas-e-percursos-1024x815.png","datePublished":"2023-06-15T08:08:55+00:00","dateModified":"2024-02-05T10:03:58+00:00","description":"A Geonatour valoriza os recursos naturais e tur\u00edsticos dos diversos territ\u00f3rios, e aposta na preserva\u00e7\u00e3o e na sustentabilidade do ambiente.","breadcrumb":{"@id":"https:\/\/www.geonatour.com\/turismo\/conquistas-2024\/#breadcrumb"},"inLanguage":"pt-PT","potentialAction":[{"@type":"ReadAction","target":["https:\/\/www.geonatour.com\/turismo\/conquistas-2024\/"]}]},{"@type":"ImageObject","inLanguage":"pt-PT","@id":"https:\/\/www.geonatour.com\/turismo\/conquistas-2024\/#primaryimage","url":"https:\/\/www.geonatour.com\/turismo\/wp-content\/uploads\/2024\/02\/Aplicacao-de-rotas-e-percursos.png","contentUrl":"https:\/\/www.geonatour.com\/turismo\/wp-content\/uploads\/2024\/02\/Aplicacao-de-rotas-e-percursos.png","width":1938,"height":1542},{"@type":"BreadcrumbList","@id":"https:\/\/www.geonatour.com\/turismo\/conquistas-2024\/#breadcrumb","itemListElement":[{"@type":"ListItem","position":1,"name":"Home","item":"https:\/\/www.geonatour.com\/turismo\/conquistas-2024\/"},{"@type":"ListItem","position":2,"name":"Aplica\u00e7\u00e3o Geonatour"}]},{"@type":"WebSite","@id":"https:\/\/www.geonatour.com\/turismo\/conquistas-2024\/#website","url":"https:\/\/www.geonatour.com\/turismo\/conquistas-2024\/","name":"Geonatour","description":"Turismo","publisher":{"@id":"https:\/\/www.geonatour.com\/turismo\/conquistas-2024\/#organization"},"potentialAction":[{"@type":"SearchAction","target":{"@type":"EntryPoint","urlTemplate":"https:\/\/www.geonatour.com\/turismo\/conquistas-2024\/?s={search_term_string}"},"query-input":{"@type":"PropertyValueSpecification","valueRequired":true,"valueName":"search_term_string"}}],"inLanguage":"pt-PT"},{"@type":"Organization","@id":"https:\/\/www.geonatour.com\/turismo\/conquistas-2024\/#organization","name":"Geonatour","url":"https:\/\/www.geonatour.com\/turismo\/conquistas-2024\/","logo":{"@type":"ImageObject","inLanguage":"pt-PT","@id":"https:\/\/www.geonatour.com\/turismo\/conquistas-2024\/#\/schema\/logo\/image\/","url":"https:\/\/www.geonatour.com\/turismo\/wp-content\/uploads\/2022\/08\/logo-Geonatour-oficial.png","contentUrl":"https:\/\/www.geonatour.com\/turismo\/wp-content\/uploads\/2022\/08\/logo-Geonatour-oficial.png","width":190,"height":42,"caption":"Geonatour"},"image":{"@id":"https:\/\/www.geonatour.com\/turismo\/conquistas-2024\/#\/schema\/logo\/image\/"},"sameAs":["https:\/\/www.facebook.com\/geonatour","https:\/\/x.com\/geonatour","https:\/\/www.linkedin.com\/company\/11111293"]}]}},"acf":[],"_links":{"self":[{"href":"https:\/\/www.geonatour.com\/turismo\/wp-json\/wp\/v2\/pages\/7485","targetHints":{"allow":["GET"]}}],"collection":[{"href":"https:\/\/www.geonatour.com\/turismo\/wp-json\/wp\/v2\/pages"}],"about":[{"href":"https:\/\/www.geonatour.com\/turismo\/wp-json\/wp\/v2\/types\/page"}],"author":[{"embeddable":true,"href":"https:\/\/www.geonatour.com\/turismo\/wp-json\/wp\/v2\/users\/2"}],"replies":[{"embeddable":true,"href":"https:\/\/www.geonatour.com\/turismo\/wp-json\/wp\/v2\/comments?post=7485"}],"version-history":[{"count":27,"href":"https:\/\/www.geonatour.com\/turismo\/wp-json\/wp\/v2\/pages\/7485\/revisions"}],"predecessor-version":[{"id":8612,"href":"https:\/\/www.geonatour.com\/turismo\/wp-json\/wp\/v2\/pages\/7485\/revisions\/8612"}],"wp:attachment":[{"href":"https:\/\/www.geonatour.com\/turismo\/wp-json\/wp\/v2\/media?parent=7485"}],"curies":[{"name":"wp","href":"https:\/\/api.w.org\/{rel}","templated":true}]}}