{"id":7663,"date":"2023-06-27T15:27:53","date_gmt":"2023-06-27T15:27:53","guid":{"rendered":"https:\/\/www.geonatour.com\/turismo\/?page_id=7663"},"modified":"2023-06-27T15:53:48","modified_gmt":"2023-06-27T15:53:48","slug":"sobre-nos","status":"publish","type":"page","link":"https:\/\/www.geonatour.com\/turismo\/sobre-nos\/","title":{"rendered":"Sobre n\u00f3s"},"content":{"rendered":"\t\t<div data-elementor-type=\"wp-page\" data-elementor-id=\"7663\" class=\"elementor elementor-7663\">\n\t\t\t\t\t\t<section class=\"elementor-section elementor-top-section elementor-element elementor-element-450420c elementor-section-boxed elementor-section-height-default elementor-section-height-default\" data-id=\"450420c\" data-element_type=\"section\" data-e-type=\"section\">\n\t\t\t\t\t\t<div class=\"elementor-container elementor-column-gap-default\">\n\t\t\t\t\t<div class=\"elementor-column elementor-col-100 elementor-top-column elementor-element elementor-element-87a057c\" data-id=\"87a057c\" data-element_type=\"column\" data-e-type=\"column\">\n\t\t\t<div class=\"elementor-widget-wrap elementor-element-populated\">\n\t\t\t\t\t\t<div class=\"elementor-element elementor-element-41e8af6 elementor-widget elementor-widget-spacer\" data-id=\"41e8af6\" data-element_type=\"widget\" data-e-type=\"widget\" data-widget_type=\"spacer.default\">\n\t\t\t\t<div class=\"elementor-widget-container\">\n\t\t\t\t\t\t\t<div class=\"elementor-spacer\">\n\t\t\t<div class=\"elementor-spacer-inner\"><\/div>\n\t\t<\/div>\n\t\t\t\t\t\t<\/div>\n\t\t\t\t<\/div>\n\t\t\t\t<div class=\"elementor-element elementor-element-9047d01 elementor-widget elementor-widget-heading\" data-id=\"9047d01\" data-element_type=\"widget\" data-e-type=\"widget\" data-widget_type=\"heading.default\">\n\t\t\t\t<div class=\"elementor-widget-container\">\n\t\t\t\t\t<h2 class=\"elementor-heading-title elementor-size-default\">Sobre n\u00f3s<\/h2>\t\t\t\t<\/div>\n\t\t\t\t<\/div>\n\t\t\t\t<div class=\"elementor-element elementor-element-059fb6d elementor-widget elementor-widget-text-editor\" data-id=\"059fb6d\" data-element_type=\"widget\" data-e-type=\"widget\" data-widget_type=\"text-editor.default\">\n\t\t\t\t<div class=\"elementor-widget-container\">\n\t\t\t\t\t\t\t\t\t<p>A Geonatour dedica-se ao Turismo de Natureza, ao Geoturismo e \u00e0 consultoria geol\u00f3gica.<\/p><p>Na vertente tur\u00edstica a Geonatour disponibiliza uma Aplica\u00e7\u00e3o para telem\u00f3vel de Rotas e Percursos, que comunica e valoriza o patrim\u00f3nio natural e hist\u00f3rico-cultural dos territ\u00f3rios trabalhados.<\/p><p>Assumindo-se como uma plataforma de divulga\u00e7\u00e3o, promo\u00e7\u00e3o e valoriza\u00e7\u00e3o de rotas e percursos, a Aplica\u00e7\u00e3o Geonatour re\u00fane em rede os diferentes agentes econ\u00f3micos, disponibilizando aos clientes e parceiros uma ferramenta que contribui para uma oferta tur\u00edstica integrada, levando o turista a uma verdadeira conex\u00e3o territorial nas vertentes sociais, ambientais, econ\u00f3micas e sustent\u00e1veis.<\/p><p>Mas h\u00e1 mais, al\u00e9m da Aplica\u00e7\u00e3o, oferecemos um conjunto de experi\u00eancias geotur\u00edsticas, levando pessoas a caminhar no meio da natureza, contando hist\u00f3rias sobre a forma\u00e7\u00e3o das rochas, das paisagens e dos f\u00f3sseis, sem esquecer a parte cultural, hist\u00f3rica e gastron\u00f3mica das regi\u00f5es.<\/p><p>Na vertente da consultoria geol\u00f3gica, a atua\u00e7\u00e3o da Geonatour desenvolve-se na presta\u00e7\u00e3o de servi\u00e7os especializados nas diversas \u00e1reas da geologia e ambiente, com destaque para a Geologia, Geotecnia, Estabiliza\u00e7\u00e3o de Taludes, Planos de Pedreira, Recupera\u00e7\u00e3o Paisag\u00edstica, Cartografia Geol\u00f3gica e Geof\u00edsica e Estudos de Impacte Ambiental ou de Incid\u00eancias Ambientais.<\/p><p>Empresa registada no Turismo de Portugal com a licen\u00e7a:\u00a0<a href=\"https:\/\/rnt.turismodeportugal.pt\/RNT\/RNAAT.aspx?nr=418%2f2021\" target=\"_blank\" rel=\"noopener\">RNAAT N\u00ba 418\/2021<\/a>, seguindo as recomenda\u00e7\u00f5es Clean&amp;Safe relativamente \u00e0 seguran\u00e7a sanit\u00e1ria e poss\u00edveis vulnerabilidades e riscos inerentes \u00e0s v\u00e1rias experi\u00eancias que desenvolvem no territ\u00f3rio nacional.<\/p>\t\t\t\t\t\t\t\t<\/div>\n\t\t\t\t<\/div>\n\t\t\t\t\t<\/div>\n\t\t<\/div>\n\t\t\t\t\t<\/div>\n\t\t<\/section>\n\t\t\t\t<section class=\"elementor-section elementor-top-section elementor-element elementor-element-b05c7ba elementor-section-boxed elementor-section-height-default elementor-section-height-default\" data-id=\"b05c7ba\" data-element_type=\"section\" data-e-type=\"section\">\n\t\t\t\t\t\t<div class=\"elementor-container elementor-column-gap-default\">\n\t\t\t\t\t<div class=\"elementor-column elementor-col-100 elementor-top-column elementor-element elementor-element-fb46c8a\" data-id=\"fb46c8a\" data-element_type=\"column\" data-e-type=\"column\">\n\t\t\t<div class=\"elementor-widget-wrap elementor-element-populated\">\n\t\t\t\t\t\t<div class=\"elementor-element elementor-element-97e0e12 elementor-widget elementor-widget-image\" data-id=\"97e0e12\" data-element_type=\"widget\" data-e-type=\"widget\" data-widget_type=\"image.default\">\n\t\t\t\t<div class=\"elementor-widget-container\">\n\t\t\t\t\t\t\t\t\t\t\t\t\t\t\t\t<a href=\"https:\/\/rnt.turismodeportugal.pt\/RNT\/RNAAT.aspx?nr=418%2f2021\" target=\"_blank\">\n\t\t\t\t\t\t\t<img decoding=\"async\" width=\"300\" height=\"127\" src=\"https:\/\/www.geonatour.com\/turismo\/wp-content\/uploads\/2022\/08\/Clean-and-Safe-300x127.webp\" class=\"attachment-medium size-medium wp-image-6635\" alt=\"\" srcset=\"https:\/\/www.geonatour.com\/turismo\/wp-content\/uploads\/2022\/08\/Clean-and-Safe-300x127.webp 300w, https:\/\/www.geonatour.com\/turismo\/wp-content\/uploads\/2022\/08\/Clean-and-Safe.webp 311w\" sizes=\"(max-width: 300px) 100vw, 300px\" \/>\t\t\t\t\t\t\t\t<\/a>\n\t\t\t\t\t\t\t\t\t\t\t\t\t\t\t<\/div>\n\t\t\t\t<\/div>\n\t\t\t\t\t<\/div>\n\t\t<\/div>\n\t\t\t\t\t<\/div>\n\t\t<\/section>\n\t\t\t\t<section class=\"elementor-section elementor-top-section elementor-element elementor-element-c4a8a88 elementor-section-boxed elementor-section-height-default elementor-section-height-default\" data-id=\"c4a8a88\" data-element_type=\"section\" data-e-type=\"section\">\n\t\t\t\t\t\t<div class=\"elementor-container elementor-column-gap-default\">\n\t\t\t\t\t<div class=\"elementor-column elementor-col-100 elementor-top-column elementor-element elementor-element-6c348f7\" data-id=\"6c348f7\" data-element_type=\"column\" data-e-type=\"column\">\n\t\t\t<div class=\"elementor-widget-wrap elementor-element-populated\">\n\t\t\t\t\t\t<div class=\"elementor-element elementor-element-7d5bcda elementor-widget elementor-widget-heading\" data-id=\"7d5bcda\" data-element_type=\"widget\" data-e-type=\"widget\" data-widget_type=\"heading.default\">\n\t\t\t\t<div class=\"elementor-widget-container\">\n\t\t\t\t\t<h2 class=\"elementor-heading-title elementor-size-default\">Programas<\/h2>\t\t\t\t<\/div>\n\t\t\t\t<\/div>\n\t\t\t\t<div class=\"elementor-element elementor-element-b1a8334 elementor-widget elementor-widget-text-editor\" data-id=\"b1a8334\" data-element_type=\"widget\" data-e-type=\"widget\" data-widget_type=\"text-editor.default\">\n\t\t\t\t<div class=\"elementor-widget-container\">\n\t\t\t\t\t\t\t\t\t<p>O Projeto da Geonatour foi selecionado, em 2019, para o CETEIS (Centros Transfronteiri\u00e7a de Apoio ao Empreendedor Inovador) e nesse mesmo ano, foi uma das onze selecionadas para participar no Programa NEWTON 3.0 (New Tourism Opportunities Network), com apoio do Turismo de Portugal, do Turismo Centro de Portugal e Instituto Pedro Nunes, onde recebemos uma\u00a0<a href=\"https:\/\/www.publituris.pt\/2019\/12\/05\/hoteltech-vence-3a-edicao-do-programa-de-aceleracao-newton\" target=\"_blank\" rel=\"noopener\">men\u00e7\u00e3o honrosa<\/a>\u00a0pelo nosso projeto de valoriza\u00e7\u00e3o.<\/p><p>Em 2021, a Geonatour foi selecionada para participar no programa de acelera\u00e7\u00e3o\u00a0<a href=\"https:\/\/turismodocentro.pt\/investidores\/investe-no-centro\/empreende-no-centro\/newton-4-0\/\" target=\"_blank\" rel=\"noopener\">NEWTON 4.0<\/a>, promovido pela RIERC (Rede de Incubadoras de Empresas da Regi\u00e3o Centro), com apoio do Turismo de Portugal, do Turismo Centro de Portugal e Instituto Pedro Nunes.<\/p>\t\t\t\t\t\t\t\t<\/div>\n\t\t\t\t<\/div>\n\t\t\t\t\t<\/div>\n\t\t<\/div>\n\t\t\t\t\t<\/div>\n\t\t<\/section>\n\t\t\t\t<section class=\"elementor-section elementor-top-section elementor-element elementor-element-4e8b64d elementor-section-boxed elementor-section-height-default elementor-section-height-default\" data-id=\"4e8b64d\" data-element_type=\"section\" data-e-type=\"section\">\n\t\t\t\t\t\t<div class=\"elementor-container elementor-column-gap-default\">\n\t\t\t\t\t<div class=\"elementor-column elementor-col-33 elementor-top-column elementor-element elementor-element-8c34d68\" data-id=\"8c34d68\" data-element_type=\"column\" data-e-type=\"column\">\n\t\t\t<div class=\"elementor-widget-wrap elementor-element-populated\">\n\t\t\t\t\t\t<div class=\"elementor-element elementor-element-729d765 elementor-widget elementor-widget-image\" data-id=\"729d765\" data-element_type=\"widget\" data-e-type=\"widget\" data-widget_type=\"image.default\">\n\t\t\t\t<div class=\"elementor-widget-container\">\n\t\t\t\t\t\t\t\t\t\t\t\t\t\t\t<img fetchpriority=\"high\" decoding=\"async\" width=\"381\" height=\"154\" src=\"https:\/\/www.geonatour.com\/turismo\/wp-content\/uploads\/2022\/08\/CETEIS.png\" class=\"attachment-large size-large wp-image-5430\" alt=\"\" srcset=\"https:\/\/www.geonatour.com\/turismo\/wp-content\/uploads\/2022\/08\/CETEIS.png 381w, https:\/\/www.geonatour.com\/turismo\/wp-content\/uploads\/2022\/08\/CETEIS-300x121.png 300w\" sizes=\"(max-width: 381px) 100vw, 381px\" \/>\t\t\t\t\t\t\t\t\t\t\t\t\t\t\t<\/div>\n\t\t\t\t<\/div>\n\t\t\t\t\t<\/div>\n\t\t<\/div>\n\t\t\t\t<div class=\"elementor-column elementor-col-33 elementor-top-column elementor-element elementor-element-c3c3b6a\" data-id=\"c3c3b6a\" data-element_type=\"column\" data-e-type=\"column\">\n\t\t\t<div class=\"elementor-widget-wrap elementor-element-populated\">\n\t\t\t\t\t\t<div class=\"elementor-element elementor-element-9e1545c elementor-widget elementor-widget-image\" data-id=\"9e1545c\" data-element_type=\"widget\" data-e-type=\"widget\" data-widget_type=\"image.default\">\n\t\t\t\t<div class=\"elementor-widget-container\">\n\t\t\t\t\t\t\t\t\t\t\t\t\t\t\t<img decoding=\"async\" width=\"382\" height=\"154\" src=\"https:\/\/www.geonatour.com\/turismo\/wp-content\/uploads\/2022\/08\/newton-3.0.png\" class=\"attachment-large size-large wp-image-5431\" alt=\"\" srcset=\"https:\/\/www.geonatour.com\/turismo\/wp-content\/uploads\/2022\/08\/newton-3.0.png 382w, https:\/\/www.geonatour.com\/turismo\/wp-content\/uploads\/2022\/08\/newton-3.0-300x121.png 300w\" sizes=\"(max-width: 382px) 100vw, 382px\" \/>\t\t\t\t\t\t\t\t\t\t\t\t\t\t\t<\/div>\n\t\t\t\t<\/div>\n\t\t\t\t\t<\/div>\n\t\t<\/div>\n\t\t\t\t<div class=\"elementor-column elementor-col-33 elementor-top-column elementor-element elementor-element-d4f2486\" data-id=\"d4f2486\" data-element_type=\"column\" data-e-type=\"column\">\n\t\t\t<div class=\"elementor-widget-wrap elementor-element-populated\">\n\t\t\t\t\t\t<div class=\"elementor-element elementor-element-a9bc611 elementor-widget elementor-widget-image\" data-id=\"a9bc611\" data-element_type=\"widget\" data-e-type=\"widget\" data-widget_type=\"image.default\">\n\t\t\t\t<div class=\"elementor-widget-container\">\n\t\t\t\t\t\t\t\t\t\t\t\t\t\t\t<img loading=\"lazy\" decoding=\"async\" width=\"381\" height=\"154\" src=\"https:\/\/www.geonatour.com\/turismo\/wp-content\/uploads\/2022\/08\/newton-4.0.png\" class=\"attachment-large size-large wp-image-5432\" alt=\"\" srcset=\"https:\/\/www.geonatour.com\/turismo\/wp-content\/uploads\/2022\/08\/newton-4.0.png 381w, https:\/\/www.geonatour.com\/turismo\/wp-content\/uploads\/2022\/08\/newton-4.0-300x121.png 300w\" sizes=\"(max-width: 381px) 100vw, 381px\" \/>\t\t\t\t\t\t\t\t\t\t\t\t\t\t\t<\/div>\n\t\t\t\t<\/div>\n\t\t\t\t\t<\/div>\n\t\t<\/div>\n\t\t\t\t\t<\/div>\n\t\t<\/section>\n\t\t\t\t<section class=\"elementor-section elementor-top-section elementor-element elementor-element-1cfe329 elementor-section-boxed elementor-section-height-default elementor-section-height-default\" data-id=\"1cfe329\" data-element_type=\"section\" data-e-type=\"section\">\n\t\t\t\t\t\t<div class=\"elementor-container elementor-column-gap-default\">\n\t\t\t\t\t<div class=\"elementor-column elementor-col-100 elementor-top-column elementor-element elementor-element-d81658f\" data-id=\"d81658f\" data-element_type=\"column\" data-e-type=\"column\">\n\t\t\t<div class=\"elementor-widget-wrap elementor-element-populated\">\n\t\t\t\t\t\t<div class=\"elementor-element elementor-element-ca883c1 elementor-widget elementor-widget-heading\" data-id=\"ca883c1\" data-element_type=\"widget\" data-e-type=\"widget\" data-widget_type=\"heading.default\">\n\t\t\t\t<div class=\"elementor-widget-container\">\n\t\t\t\t\t<h2 class=\"elementor-heading-title elementor-size-default\">Projetos financiados<\/h2>\t\t\t\t<\/div>\n\t\t\t\t<\/div>\n\t\t\t\t\t<\/div>\n\t\t<\/div>\n\t\t\t\t\t<\/div>\n\t\t<\/section>\n\t\t\t\t<section class=\"elementor-section elementor-top-section elementor-element elementor-element-6e3417e elementor-section-boxed elementor-section-height-default elementor-section-height-default\" data-id=\"6e3417e\" data-element_type=\"section\" data-e-type=\"section\">\n\t\t\t\t\t\t<div class=\"elementor-container elementor-column-gap-default\">\n\t\t\t\t\t<div class=\"elementor-column elementor-col-100 elementor-top-column elementor-element elementor-element-fb88c4c\" data-id=\"fb88c4c\" data-element_type=\"column\" data-e-type=\"column\">\n\t\t\t<div class=\"elementor-widget-wrap elementor-element-populated\">\n\t\t\t\t\t\t<div class=\"elementor-element elementor-element-d189055 elementor-widget elementor-widget-image\" data-id=\"d189055\" data-element_type=\"widget\" data-e-type=\"widget\" data-widget_type=\"image.default\">\n\t\t\t\t<div class=\"elementor-widget-container\">\n\t\t\t\t\t\t\t\t\t\t\t\t\t\t\t\t<a href=\"\/turismo\/wp-content\/uploads\/2022\/08\/Ficha-do-projeto-CO3SO_GNT.pdf\" target=\"_blank\" rel=\"nofollow\">\n\t\t\t\t\t\t\t<img loading=\"lazy\" decoding=\"async\" width=\"170\" height=\"38\" src=\"https:\/\/www.geonatour.com\/turismo\/wp-content\/uploads\/2022\/08\/CO3SO.png\" class=\"attachment-medium size-medium wp-image-4885\" alt=\"emprego\" \/>\t\t\t\t\t\t\t\t<\/a>\n\t\t\t\t\t\t\t\t\t\t\t\t\t\t\t<\/div>\n\t\t\t\t<\/div>\n\t\t\t\t<div class=\"elementor-element elementor-element-6610a94 elementor-widget elementor-widget-text-editor\" data-id=\"6610a94\" data-element_type=\"widget\" data-e-type=\"widget\" data-widget_type=\"text-editor.default\">\n\t\t\t\t<div class=\"elementor-widget-container\">\n\t\t\t\t\t\t\t\t\t<p><strong>+CO3SO Emprego Interior<\/strong><\/p><p>O projeto tem como objetivo refor\u00e7ar a empresa com meios humanos e t\u00e9cnicos\/f\u00edsicos permitindo a afirma\u00e7\u00e3o da marca Geonatour no mercado portugu\u00eas, atrav\u00e9s da prospe\u00e7\u00e3o do neg\u00f3cio junto de clientes p\u00fablicos e privados. A empresa procura almejar novos clientes na \u00e1rea de neg\u00f3cio dos servi\u00e7os de geoci\u00eancias (com diversos estudos de estabiliza\u00e7\u00e3o de taludes, impacte ambiental e reservas ecol\u00f3gicas) e de turismo (com a cria\u00e7\u00e3o de percursos\/rotas\u00a0complementados com conte\u00fados informativos, sustent\u00e1veis e com a presen\u00e7a de agentes tur\u00edsticos na sua Aplica\u00e7\u00e3o).<\/p>\t\t\t\t\t\t\t\t<\/div>\n\t\t\t\t<\/div>\n\t\t\t\t\t<\/div>\n\t\t<\/div>\n\t\t\t\t\t<\/div>\n\t\t<\/section>\n\t\t\t\t<\/div>\n\t\t","protected":false},"excerpt":{"rendered":"<p>Sobre n\u00f3s A Geonatour dedica-se ao Turismo de Natureza, ao Geoturismo e \u00e0 consultoria geol\u00f3gica. Na vertente tur\u00edstica a Geonatour disponibiliza uma Aplica\u00e7\u00e3o para telem\u00f3vel de Rotas e Percursos, que comunica e valoriza o patrim\u00f3nio natural e hist\u00f3rico-cultural dos territ\u00f3rios trabalhados. Assumindo-se como uma plataforma de divulga\u00e7\u00e3o, promo\u00e7\u00e3o e valoriza\u00e7\u00e3o de rotas e percursos, a<br \/><a class=\"moretag\" href=\"https:\/\/www.geonatour.com\/turismo\/sobre-nos\/\">+ Ver mais<\/a><\/p>\n","protected":false},"author":2,"featured_media":0,"parent":0,"menu_order":0,"comment_status":"closed","ping_status":"closed","template":"templates\/page-nosidebar_template.php","meta":{"_acf_changed":false,"_glsr_average":0,"_glsr_ranking":0,"_glsr_reviews":0,"footnotes":""},"class_list":["post-7663","page","type-page","status-publish","hentry"],"yoast_head":"<!-- This site is optimized with the Yoast SEO plugin v27.6 - https:\/\/yoast.com\/product\/yoast-seo-wordpress\/ -->\n<title>Sobre n\u00f3s - Geonatour<\/title>\n<meta name=\"description\" content=\"A Geonatour valoriza os recursos naturais e tur\u00edsticos dos diversos territ\u00f3rios, e aposta na preserva\u00e7\u00e3o e na sustentabilidade do ambiente.\" \/>\n<meta name=\"robots\" content=\"index, follow, max-snippet:-1, max-image-preview:large, max-video-preview:-1\" \/>\n<link rel=\"canonical\" href=\"https:\/\/www.geonatour.com\/turismo\/conquistas-2024\/\" \/>\n<meta property=\"og:locale\" content=\"pt_PT\" \/>\n<meta property=\"og:type\" content=\"article\" \/>\n<meta property=\"og:title\" content=\"Sobre n\u00f3s - Geonatour\" \/>\n<meta property=\"og:description\" content=\"A Geonatour valoriza os recursos naturais e tur\u00edsticos dos diversos territ\u00f3rios, e aposta na preserva\u00e7\u00e3o e na sustentabilidade do ambiente.\" \/>\n<meta property=\"og:url\" content=\"https:\/\/www.geonatour.com\/turismo\/conquistas-2024\/\" \/>\n<meta property=\"og:site_name\" content=\"Geonatour\" \/>\n<meta property=\"article:publisher\" content=\"https:\/\/www.facebook.com\/geonatour\" \/>\n<meta property=\"article:modified_time\" content=\"2023-06-27T15:53:48+00:00\" \/>\n<meta property=\"og:image\" content=\"https:\/\/www.geonatour.com\/turismo\/wp-content\/uploads\/2022\/07\/Piodao.png\" \/>\n\t<meta property=\"og:image:width\" content=\"250\" \/>\n\t<meta property=\"og:image:height\" content=\"250\" \/>\n\t<meta property=\"og:image:type\" content=\"image\/png\" \/>\n<meta name=\"twitter:card\" content=\"summary_large_image\" \/>\n<meta name=\"twitter:site\" content=\"@geonatour\" \/>\n<meta name=\"twitter:label1\" content=\"Tempo estimado de leitura\" \/>\n\t<meta name=\"twitter:data1\" content=\"4 minutos\" \/>\n<script type=\"application\/ld+json\" class=\"yoast-schema-graph\">{\"@context\":\"https:\\\/\\\/schema.org\",\"@graph\":[{\"@type\":\"WebPage\",\"@id\":\"https:\\\/\\\/www.geonatour.com\\\/turismo\\\/conquistas-2024\\\/\",\"url\":\"https:\\\/\\\/www.geonatour.com\\\/turismo\\\/conquistas-2024\\\/\",\"name\":\"Sobre n\u00f3s - Geonatour\",\"isPartOf\":{\"@id\":\"https:\\\/\\\/www.geonatour.com\\\/turismo\\\/conquistas-2024\\\/#website\"},\"primaryImageOfPage\":{\"@id\":\"https:\\\/\\\/www.geonatour.com\\\/turismo\\\/conquistas-2024\\\/#primaryimage\"},\"image\":{\"@id\":\"https:\\\/\\\/www.geonatour.com\\\/turismo\\\/conquistas-2024\\\/#primaryimage\"},\"thumbnailUrl\":\"https:\\\/\\\/www.geonatour.com\\\/turismo\\\/wp-content\\\/uploads\\\/2022\\\/08\\\/Clean-and-Safe-300x127.webp\",\"datePublished\":\"2023-06-27T15:27:53+00:00\",\"dateModified\":\"2023-06-27T15:53:48+00:00\",\"description\":\"A Geonatour valoriza os recursos naturais e tur\u00edsticos dos diversos territ\u00f3rios, e aposta na preserva\u00e7\u00e3o e na sustentabilidade do ambiente.\",\"breadcrumb\":{\"@id\":\"https:\\\/\\\/www.geonatour.com\\\/turismo\\\/conquistas-2024\\\/#breadcrumb\"},\"inLanguage\":\"pt-PT\",\"potentialAction\":[{\"@type\":\"ReadAction\",\"target\":[\"https:\\\/\\\/www.geonatour.com\\\/turismo\\\/conquistas-2024\\\/\"]}]},{\"@type\":\"ImageObject\",\"inLanguage\":\"pt-PT\",\"@id\":\"https:\\\/\\\/www.geonatour.com\\\/turismo\\\/conquistas-2024\\\/#primaryimage\",\"url\":\"https:\\\/\\\/www.geonatour.com\\\/turismo\\\/wp-content\\\/uploads\\\/2022\\\/08\\\/Clean-and-Safe-300x127.webp\",\"contentUrl\":\"https:\\\/\\\/www.geonatour.com\\\/turismo\\\/wp-content\\\/uploads\\\/2022\\\/08\\\/Clean-and-Safe-300x127.webp\"},{\"@type\":\"BreadcrumbList\",\"@id\":\"https:\\\/\\\/www.geonatour.com\\\/turismo\\\/conquistas-2024\\\/#breadcrumb\",\"itemListElement\":[{\"@type\":\"ListItem\",\"position\":1,\"name\":\"Home\",\"item\":\"https:\\\/\\\/www.geonatour.com\\\/turismo\\\/conquistas-2024\\\/\"},{\"@type\":\"ListItem\",\"position\":2,\"name\":\"Sobre n\u00f3s\"}]},{\"@type\":\"WebSite\",\"@id\":\"https:\\\/\\\/www.geonatour.com\\\/turismo\\\/conquistas-2024\\\/#website\",\"url\":\"https:\\\/\\\/www.geonatour.com\\\/turismo\\\/conquistas-2024\\\/\",\"name\":\"Geonatour\",\"description\":\"Turismo\",\"publisher\":{\"@id\":\"https:\\\/\\\/www.geonatour.com\\\/turismo\\\/conquistas-2024\\\/#organization\"},\"potentialAction\":[{\"@type\":\"SearchAction\",\"target\":{\"@type\":\"EntryPoint\",\"urlTemplate\":\"https:\\\/\\\/www.geonatour.com\\\/turismo\\\/conquistas-2024\\\/?s={search_term_string}\"},\"query-input\":{\"@type\":\"PropertyValueSpecification\",\"valueRequired\":true,\"valueName\":\"search_term_string\"}}],\"inLanguage\":\"pt-PT\"},{\"@type\":\"Organization\",\"@id\":\"https:\\\/\\\/www.geonatour.com\\\/turismo\\\/conquistas-2024\\\/#organization\",\"name\":\"Geonatour\",\"url\":\"https:\\\/\\\/www.geonatour.com\\\/turismo\\\/conquistas-2024\\\/\",\"logo\":{\"@type\":\"ImageObject\",\"inLanguage\":\"pt-PT\",\"@id\":\"https:\\\/\\\/www.geonatour.com\\\/turismo\\\/conquistas-2024\\\/#\\\/schema\\\/logo\\\/image\\\/\",\"url\":\"https:\\\/\\\/www.geonatour.com\\\/turismo\\\/wp-content\\\/uploads\\\/2022\\\/08\\\/logo-Geonatour-oficial.png\",\"contentUrl\":\"https:\\\/\\\/www.geonatour.com\\\/turismo\\\/wp-content\\\/uploads\\\/2022\\\/08\\\/logo-Geonatour-oficial.png\",\"width\":190,\"height\":42,\"caption\":\"Geonatour\"},\"image\":{\"@id\":\"https:\\\/\\\/www.geonatour.com\\\/turismo\\\/conquistas-2024\\\/#\\\/schema\\\/logo\\\/image\\\/\"},\"sameAs\":[\"https:\\\/\\\/www.facebook.com\\\/geonatour\",\"https:\\\/\\\/x.com\\\/geonatour\",\"https:\\\/\\\/www.linkedin.com\\\/company\\\/11111293\"]}]}<\/script>\n<!-- \/ Yoast SEO plugin. -->","yoast_head_json":{"title":"Sobre n\u00f3s - Geonatour","description":"A Geonatour valoriza os recursos naturais e tur\u00edsticos dos diversos territ\u00f3rios, e aposta na preserva\u00e7\u00e3o e na sustentabilidade do ambiente.","robots":{"index":"index","follow":"follow","max-snippet":"max-snippet:-1","max-image-preview":"max-image-preview:large","max-video-preview":"max-video-preview:-1"},"canonical":"https:\/\/www.geonatour.com\/turismo\/conquistas-2024\/","og_locale":"pt_PT","og_type":"article","og_title":"Sobre n\u00f3s - Geonatour","og_description":"A Geonatour valoriza os recursos naturais e tur\u00edsticos dos diversos territ\u00f3rios, e aposta na preserva\u00e7\u00e3o e na sustentabilidade do ambiente.","og_url":"https:\/\/www.geonatour.com\/turismo\/conquistas-2024\/","og_site_name":"Geonatour","article_publisher":"https:\/\/www.facebook.com\/geonatour","article_modified_time":"2023-06-27T15:53:48+00:00","og_image":[{"width":250,"height":250,"url":"https:\/\/www.geonatour.com\/turismo\/wp-content\/uploads\/2022\/07\/Piodao.png","type":"image\/png"}],"twitter_card":"summary_large_image","twitter_site":"@geonatour","twitter_misc":{"Tempo estimado de leitura":"4 minutos"},"schema":{"@context":"https:\/\/schema.org","@graph":[{"@type":"WebPage","@id":"https:\/\/www.geonatour.com\/turismo\/conquistas-2024\/","url":"https:\/\/www.geonatour.com\/turismo\/conquistas-2024\/","name":"Sobre n\u00f3s - Geonatour","isPartOf":{"@id":"https:\/\/www.geonatour.com\/turismo\/conquistas-2024\/#website"},"primaryImageOfPage":{"@id":"https:\/\/www.geonatour.com\/turismo\/conquistas-2024\/#primaryimage"},"image":{"@id":"https:\/\/www.geonatour.com\/turismo\/conquistas-2024\/#primaryimage"},"thumbnailUrl":"https:\/\/www.geonatour.com\/turismo\/wp-content\/uploads\/2022\/08\/Clean-and-Safe-300x127.webp","datePublished":"2023-06-27T15:27:53+00:00","dateModified":"2023-06-27T15:53:48+00:00","description":"A Geonatour valoriza os recursos naturais e tur\u00edsticos dos diversos territ\u00f3rios, e aposta na preserva\u00e7\u00e3o e na sustentabilidade do ambiente.","breadcrumb":{"@id":"https:\/\/www.geonatour.com\/turismo\/conquistas-2024\/#breadcrumb"},"inLanguage":"pt-PT","potentialAction":[{"@type":"ReadAction","target":["https:\/\/www.geonatour.com\/turismo\/conquistas-2024\/"]}]},{"@type":"ImageObject","inLanguage":"pt-PT","@id":"https:\/\/www.geonatour.com\/turismo\/conquistas-2024\/#primaryimage","url":"https:\/\/www.geonatour.com\/turismo\/wp-content\/uploads\/2022\/08\/Clean-and-Safe-300x127.webp","contentUrl":"https:\/\/www.geonatour.com\/turismo\/wp-content\/uploads\/2022\/08\/Clean-and-Safe-300x127.webp"},{"@type":"BreadcrumbList","@id":"https:\/\/www.geonatour.com\/turismo\/conquistas-2024\/#breadcrumb","itemListElement":[{"@type":"ListItem","position":1,"name":"Home","item":"https:\/\/www.geonatour.com\/turismo\/conquistas-2024\/"},{"@type":"ListItem","position":2,"name":"Sobre n\u00f3s"}]},{"@type":"WebSite","@id":"https:\/\/www.geonatour.com\/turismo\/conquistas-2024\/#website","url":"https:\/\/www.geonatour.com\/turismo\/conquistas-2024\/","name":"Geonatour","description":"Turismo","publisher":{"@id":"https:\/\/www.geonatour.com\/turismo\/conquistas-2024\/#organization"},"potentialAction":[{"@type":"SearchAction","target":{"@type":"EntryPoint","urlTemplate":"https:\/\/www.geonatour.com\/turismo\/conquistas-2024\/?s={search_term_string}"},"query-input":{"@type":"PropertyValueSpecification","valueRequired":true,"valueName":"search_term_string"}}],"inLanguage":"pt-PT"},{"@type":"Organization","@id":"https:\/\/www.geonatour.com\/turismo\/conquistas-2024\/#organization","name":"Geonatour","url":"https:\/\/www.geonatour.com\/turismo\/conquistas-2024\/","logo":{"@type":"ImageObject","inLanguage":"pt-PT","@id":"https:\/\/www.geonatour.com\/turismo\/conquistas-2024\/#\/schema\/logo\/image\/","url":"https:\/\/www.geonatour.com\/turismo\/wp-content\/uploads\/2022\/08\/logo-Geonatour-oficial.png","contentUrl":"https:\/\/www.geonatour.com\/turismo\/wp-content\/uploads\/2022\/08\/logo-Geonatour-oficial.png","width":190,"height":42,"caption":"Geonatour"},"image":{"@id":"https:\/\/www.geonatour.com\/turismo\/conquistas-2024\/#\/schema\/logo\/image\/"},"sameAs":["https:\/\/www.facebook.com\/geonatour","https:\/\/x.com\/geonatour","https:\/\/www.linkedin.com\/company\/11111293"]}]}},"acf":[],"_links":{"self":[{"href":"https:\/\/www.geonatour.com\/turismo\/wp-json\/wp\/v2\/pages\/7663","targetHints":{"allow":["GET"]}}],"collection":[{"href":"https:\/\/www.geonatour.com\/turismo\/wp-json\/wp\/v2\/pages"}],"about":[{"href":"https:\/\/www.geonatour.com\/turismo\/wp-json\/wp\/v2\/types\/page"}],"author":[{"embeddable":true,"href":"https:\/\/www.geonatour.com\/turismo\/wp-json\/wp\/v2\/users\/2"}],"replies":[{"embeddable":true,"href":"https:\/\/www.geonatour.com\/turismo\/wp-json\/wp\/v2\/comments?post=7663"}],"version-history":[{"count":15,"href":"https:\/\/www.geonatour.com\/turismo\/wp-json\/wp\/v2\/pages\/7663\/revisions"}],"predecessor-version":[{"id":7680,"href":"https:\/\/www.geonatour.com\/turismo\/wp-json\/wp\/v2\/pages\/7663\/revisions\/7680"}],"wp:attachment":[{"href":"https:\/\/www.geonatour.com\/turismo\/wp-json\/wp\/v2\/media?parent=7663"}],"curies":[{"name":"wp","href":"https:\/\/api.w.org\/{rel}","templated":true}]}}